{"id":13,"date":"2013-11-05T02:35:13","date_gmt":"2013-11-05T02:35:13","guid":{"rendered":"http:\/\/horiacolibasanuhimalaya.ro\/?page_id=13"},"modified":"2024-06-06T07:24:55","modified_gmt":"2024-06-06T07:24:55","slug":"despre","status":"publish","type":"page","link":"http:\/\/horiacolibasanuhimalaya.ro\/ro\/despre\/","title":{"rendered":"Despre"},"content":{"rendered":"<p>[et_pb_section fb_built=&#8221;1&#8243; admin_label=&#8221;Page Title Section&#8221; _builder_version=&#8221;4.16&#8243; use_background_color_gradient=&#8221;on&#8221; background_color_gradient_direction=&#8221;120deg&#8221; background_color_gradient_stops=&#8221;#000000 0%|rgba(0,0,0,0) 100%&#8221; background_color_gradient_overlays_image=&#8221;on&#8221; background_color_gradient_start=&#8221;#000000&#8243; background_color_gradient_end=&#8221;rgba(0,0,0,0)&#8221; background_image=&#8221;http:\/\/horiacolibasanuhimalaya.ro\/ro\/wp-content\/uploads\/2019\/05\/HC02.04.19-1024&#215;768.jpg&#8221; custom_padding=&#8221;110px||110px|&#8221; global_colors_info=&#8221;{}&#8221;][et_pb_row column_structure=&#8221;1_2,1_2&#8243; admin_label=&#8221;Page Title Area&#8221; _builder_version=&#8221;4.16&#8243; background_size=&#8221;initial&#8221; background_position=&#8221;top_left&#8221; background_repeat=&#8221;repeat&#8221; global_colors_info=&#8221;{}&#8221;][et_pb_column type=&#8221;1_2&#8243; _builder_version=&#8221;4.16&#8243; custom_padding=&#8221;|||&#8221; global_colors_info=&#8221;{}&#8221; custom_padding__hover=&#8221;|||&#8221;][\/et_pb_column][et_pb_column type=&#8221;1_2&#8243; _builder_version=&#8221;4.16&#8243; custom_padding=&#8221;|||&#8221; global_colors_info=&#8221;{}&#8221; custom_padding__hover=&#8221;|||&#8221;][et_pb_text admin_label=&#8221;Title&#8221; _builder_version=&#8221;4.16&#8243; text_font=&#8221;||||||||&#8221; header_font=&#8221;Poppins|600|||||||&#8221; header_font_size=&#8221;60px&#8221; header_line_height=&#8221;1.2em&#8221; header_2_font=&#8221;||||||||&#8221; header_2_font_size=&#8221;60px&#8221; background_layout=&#8221;dark&#8221; custom_margin=&#8221;||20px|&#8221; custom_padding=&#8221;|||&#8221; animation_style=&#8221;fade&#8221; header_font_size_tablet=&#8221;&#8221; header_font_size_phone=&#8221;40px&#8221; header_font_size_last_edited=&#8221;on|phone&#8221; global_colors_info=&#8221;{}&#8221;]<\/p>\n<h1>Despre Horia<\/h1>\n<p>[\/et_pb_text][et_pb_text admin_label=&#8221;Page Subtitle&#8221; _builder_version=&#8221;4.16&#8243; text_font=&#8221;Poppins||||||||&#8221; text_font_size=&#8221;18px&#8221; text_line_height=&#8221;1.8em&#8221; header_font=&#8221;||||||||&#8221; background_layout=&#8221;dark&#8221; custom_padding=&#8221;10px||0px|||&#8221; animation_style=&#8221;fade&#8221; global_colors_info=&#8221;{}&#8221;][\/et_pb_text][\/et_pb_column][\/et_pb_row][\/et_pb_section][et_pb_section fb_built=&#8221;1&#8243; admin_label=&#8221;About Us Section&#8221; _builder_version=&#8221;4.16&#8243; background_color=&#8221;#efe9e4&#8243; custom_padding=&#8221;100px||0px|||&#8221; global_colors_info=&#8221;{}&#8221;][et_pb_row admin_label=&#8221;About Us Area&#8221; _builder_version=&#8221;4.16&#8243; global_colors_info=&#8221;{}&#8221;][et_pb_column type=&#8221;4_4&#8243; _builder_version=&#8221;4.16&#8243; custom_padding=&#8221;|||&#8221; global_colors_info=&#8221;{}&#8221; custom_padding__hover=&#8221;|||&#8221;][et_pb_text admin_label=&#8221;Title&#8221; _builder_version=&#8221;4.16&#8243; text_font=&#8221;||||||||&#8221; header_font=&#8221;||||||||&#8221; header_2_font=&#8221;Poppins|600|||||||&#8221; header_2_text_align=&#8221;center&#8221; header_2_font_size=&#8221;36px&#8221; header_2_line_height=&#8221;1.2em&#8221; max_width=&#8221;525px&#8221; module_alignment=&#8221;center&#8221; custom_margin=&#8221;||0px|&#8221; animation_style=&#8221;fade&#8221; global_colors_info=&#8221;{}&#8221;]<\/p>\n<h2>Alpinist pur<\/h2>\n<p>[\/et_pb_text][et_pb_divider color=&#8221;#fdb467&#8243; divider_position=&#8221;center&#8221; divider_weight=&#8221;3px&#8221; _builder_version=&#8221;4.16&#8243; max_width=&#8221;50px&#8221; module_alignment=&#8221;center&#8221; custom_margin=&#8221;|||&#8221; animation_style=&#8221;slide&#8221; animation_direction=&#8221;top&#8221; animation_intensity_slide=&#8221;10%&#8221; animation_starting_opacity=&#8221;100%&#8221; global_colors_info=&#8221;{}&#8221;][\/et_pb_divider][et_pb_text _builder_version=&#8221;4.16&#8243; text_font=&#8221;Poppins||||||||&#8221; text_font_size=&#8221;18px&#8221; text_line_height=&#8221;1.8em&#8221; text_orientation=&#8221;center&#8221; max_width=&#8221;750px&#8221; module_alignment=&#8221;center&#8221; custom_margin=&#8221;|||&#8221; custom_padding=&#8221;|||&#8221; global_colors_info=&#8221;{}&#8221;]<\/p>\n<p>\u00cen 2004, un t\u00e2n\u0103r de 27 de ani din Timi\u0219oara pleca spre Pakistan. \u021ainta: K2 (8.611m), al doilea cel mai \u00eenalt munte din lume &#8211; dup\u0103 Everest -, supranumit \u0219i Muntele Uciga\u0219. Unul din trei alpini\u0219ti care \u00eencearc\u0103 s\u0103-l urce, moare.<\/p>\n<p>Atunci, \u00een 2004, v\u00e2rful K2 nu mai fusese atins de trei ani. Horia Colib\u0103\u0219anu, \u00eempreun\u0103 cu spaniolul I\u0148aki Ochoa, au ajuns pe v\u00e2rf, f\u0103r\u0103 oxigen \u00eembuteliat \u0219i f\u0103r\u0103 ajutorul \u0218erpa\u0219ilor (stil pur).<\/p>\n<p>Succesul lui Horia Colib\u0103\u0219anu pe K2 este considerat cea mai important\u0103 performan\u021b\u0103 individual\u0103 din alpinismul rom\u00e2nesc.<\/p>\n<p>[\/et_pb_text][\/et_pb_column][\/et_pb_row][\/et_pb_section][et_pb_section fb_built=&#8221;1&#8243; admin_label=&#8221;Our Story Section&#8221; _builder_version=&#8221;4.16&#8243; background_color=&#8221;#efe9e4&#8243; background_color_gradient_direction=&#8221;0deg&#8221; custom_padding=&#8221;100px||0px|&#8221; global_colors_info=&#8221;{}&#8221;][et_pb_row column_structure=&#8221;1_2,1_2&#8243; use_custom_gutter=&#8221;on&#8221; gutter_width=&#8221;0&#8243; make_equal=&#8221;on&#8221; admin_label=&#8221;Our Story Area&#8221; module_class=&#8221; et_pb_row_fullwidth&#8221; _builder_version=&#8221;4.16&#8243; background_color=&#8221;#1e1d1c&#8221; width=&#8221;100%&#8221; width_tablet=&#8221;100%&#8221; width_phone=&#8221;&#8221; width_last_edited=&#8221;on|desktop&#8221; max_width=&#8221;100%&#8221; max_width_tablet=&#8221;100%&#8221; max_width_phone=&#8221;&#8221; max_width_last_edited=&#8221;on|desktop&#8221; custom_padding=&#8221;0px||0px|&#8221; make_fullwidth=&#8221;on&#8221; global_colors_info=&#8221;{}&#8221;][et_pb_column type=&#8221;1_2&#8243; _builder_version=&#8221;4.16&#8243; custom_padding=&#8221;|||&#8221; global_colors_info=&#8221;{}&#8221; custom_padding__hover=&#8221;|||&#8221;][et_pb_image src=&#8221;http:\/\/horiacolibasanuhimalaya.ro\/ro\/wp-content\/uploads\/2019\/04\/IMG-20190409-WA0013-768&#215;1024.jpg&#8221; force_fullwidth=&#8221;on&#8221; align_tablet=&#8221;center&#8221; align_phone=&#8221;&#8221; align_last_edited=&#8221;on|desktop&#8221; _builder_version=&#8221;4.16&#8243; custom_margin=&#8221;-100px||-61px|||&#8221; custom_margin_tablet=&#8221;0px|||&#8221; custom_margin_phone=&#8221;&#8221; custom_margin_last_edited=&#8221;on|tablet&#8221; global_colors_info=&#8221;{}&#8221;][\/et_pb_image][\/et_pb_column][et_pb_column type=&#8221;1_2&#8243; _builder_version=&#8221;4.16&#8243; custom_padding=&#8221;5%|5%|5%|5%&#8221; global_colors_info=&#8221;{}&#8221; custom_padding__hover=&#8221;|||&#8221;][et_pb_text admin_label=&#8221;Title&#8221; _builder_version=&#8221;4.16&#8243; text_font=&#8221;||||||||&#8221; header_font=&#8221;||||||||&#8221; header_2_font=&#8221;Poppins|600|||||||&#8221; header_2_font_size=&#8221;36px&#8221; header_2_line_height=&#8221;1.2em&#8221; background_layout=&#8221;dark&#8221; max_width=&#8221;750px&#8221; animation_direction=&#8221;left&#8221; global_colors_info=&#8221;{}&#8221;]<\/p>\n<h2>Povestea mea<\/h2>\n<p>[\/et_pb_text][et_pb_divider color=&#8221;#fdb467&#8243; divider_position=&#8221;center&#8221; divider_weight=&#8221;3px&#8221; _builder_version=&#8221;4.16&#8243; max_width=&#8221;50px&#8221; animation_style=&#8221;slide&#8221; animation_intensity_slide=&#8221;10%&#8221; animation_starting_opacity=&#8221;100%&#8221; global_colors_info=&#8221;{}&#8221;][\/et_pb_divider][et_pb_text _builder_version=&#8221;4.16&#8243; text_font=&#8221;Poppins||||||||&#8221; text_text_color=&#8221;rgba(255,255,255,0.7)&#8221; text_font_size=&#8221;18px&#8221; text_line_height=&#8221;1.8em&#8221; max_width=&#8221;750px&#8221; custom_margin=&#8221;25px|||&#8221; custom_padding=&#8221;||5px|||&#8221; animation_direction=&#8221;left&#8221; global_colors_info=&#8221;{}&#8221;]<\/p>\n<p>Medic stomatolog, din Timi\u0219oara (n. 4 ianuarie 1977)<\/p>\n<p>Zece v\u00e2rfuri de peste 8.000m, f\u0103r\u0103 \u0219erpa\u0219i de altitudine \u0219i f\u0103r\u0103 oxigen*<\/p>\n<p>\u0218apte premiere pentru Rom\u00e2nia.<\/p>\n<p>Singurul rom\u00e2n pe v\u00e2rfurile Annapurna, K2 \u0219i Dhaulagiri, din Top 5 mun\u021bi mortali ai lumii**.<\/p>\n<p>[\/et_pb_text][\/et_pb_column][\/et_pb_row][\/et_pb_section][et_pb_section fb_built=&#8221;1&#8243; admin_label=&#8221;Our Story Section&#8221; _builder_version=&#8221;4.16&#8243; background_color=&#8221;#efe9e4&#8243; background_color_gradient_direction=&#8221;0deg&#8221; custom_padding=&#8221;0px||0px|&#8221; global_colors_info=&#8221;{}&#8221;][et_pb_row column_structure=&#8221;1_2,1_2&#8243; use_custom_gutter=&#8221;on&#8221; gutter_width=&#8221;0&#8243; make_equal=&#8221;on&#8221; admin_label=&#8221;Our Story Area&#8221; module_class=&#8221; et_pb_row_fullwidth&#8221; _builder_version=&#8221;4.16&#8243; background_color=&#8221;#1e1d1c&#8221; width=&#8221;100%&#8221; width_tablet=&#8221;100%&#8221; width_phone=&#8221;&#8221; width_last_edited=&#8221;on|desktop&#8221; max_width=&#8221;100%&#8221; max_width_tablet=&#8221;100%&#8221; max_width_phone=&#8221;&#8221; max_width_last_edited=&#8221;on|desktop&#8221; min_height=&#8221;373px&#8221; custom_padding=&#8221;0px||0px|&#8221; make_fullwidth=&#8221;on&#8221; global_colors_info=&#8221;{}&#8221;][et_pb_column type=&#8221;1_2&#8243; _builder_version=&#8221;4.16&#8243; custom_padding=&#8221;5%|5%|5%|5%&#8221; global_colors_info=&#8221;{}&#8221; custom_padding__hover=&#8221;|||&#8221;][et_pb_text _builder_version=&#8221;4.16&#8243; text_font=&#8221;Poppins||||||||&#8221; text_text_color=&#8221;rgba(255,255,255,0.7)&#8221; text_font_size=&#8221;18px&#8221; text_line_height=&#8221;1.8em&#8221; max_width=&#8221;750px&#8221; custom_margin=&#8221;25px|||&#8221; animation_direction=&#8221;left&#8221; global_colors_info=&#8221;{}&#8221;]<\/p>\n<p>Everest 8.848 m (2017), ascensiune pe ruta Nordica, f\u0103r\u0103 oxigen suplimentar \u0219i f\u0103r\u0103 ajutorul \u0219erpa\u0219ilor.<\/p>\n<p>Distinc\u021bia &#8220;Spirit of Mountaineering&#8221; (la &#8220;Piolets d&#8217;Or&#8221;, 2009), din partea British Alpine Club, cel mai prestigios club montan din lume.<\/p>\n<p>Distinc\u021bia Ordinului Na\u021bional Steaua Rom\u00e2niei, grad de Cavaler, acordat\u0103 \u00een 2017 de c\u0103tre pre\u0219edintele Rom\u00e2niei, domnul Klaus Iohannis.\u00a0<\/p>\n<p>[\/et_pb_text][\/et_pb_column][et_pb_column type=&#8221;1_2&#8243; _builder_version=&#8221;4.16&#8243; custom_padding=&#8221;|||&#8221; global_colors_info=&#8221;{}&#8221; custom_padding__hover=&#8221;|||&#8221;][et_pb_image src=&#8221;http:\/\/horiacolibasanuhimalaya.ro\/ro\/wp-content\/uploads\/2019\/09\/Decorare-Horia-Colibasanu-12-09-2019-28-1024&#215;648.jpg&#8221; force_fullwidth=&#8221;on&#8221; align_tablet=&#8221;center&#8221; align_phone=&#8221;&#8221; align_last_edited=&#8221;on|desktop&#8221; _builder_version=&#8221;4.16&#8243; min_height=&#8221;268px&#8221; custom_margin=&#8221;-100px|||&#8221; custom_margin_tablet=&#8221;0px|||&#8221; custom_margin_phone=&#8221;&#8221; custom_margin_last_edited=&#8221;on|tablet&#8221; custom_padding=&#8221;150px|||||&#8221; global_colors_info=&#8221;{}&#8221;][\/et_pb_image][\/et_pb_column][\/et_pb_row][\/et_pb_section][et_pb_section fb_built=&#8221;1&#8243; admin_label=&#8221;Video Section&#8221; _builder_version=&#8221;4.16&#8243; custom_padding=&#8221;0px||0px|&#8221; global_colors_info=&#8221;{}&#8221;][et_pb_row use_custom_gutter=&#8221;on&#8221; gutter_width=&#8221;0&#8243; admin_label=&#8221;Video Area&#8221; module_class=&#8221; et_pb_row_fullwidth&#8221; _builder_version=&#8221;4.16&#8243; width=&#8221;100%&#8221; width_tablet=&#8221;100%&#8221; width_phone=&#8221;&#8221; width_last_edited=&#8221;on|desktop&#8221; max_width=&#8221;100%&#8221; max_width_tablet=&#8221;100%&#8221; max_width_phone=&#8221;&#8221; max_width_last_edited=&#8221;on|desktop&#8221; custom_padding=&#8221;0px||0px|&#8221; make_fullwidth=&#8221;on&#8221; global_colors_info=&#8221;{}&#8221;][et_pb_column type=&#8221;4_4&#8243; _builder_version=&#8221;4.16&#8243; custom_padding=&#8221;|||&#8221; global_colors_info=&#8221;{}&#8221; custom_padding__hover=&#8221;|||&#8221;][et_pb_video src=&#8221;https:\/\/www.youtube.com\/watch?v=2uS4MN0GhjA&#8221; image_src=&#8221;http:\/\/horiacolibasanuhimalaya.ro\/ro\/wp-content\/uploads\/2020\/03\/11_img.jpg&#8221; _builder_version=&#8221;4.16&#8243; custom_padding=&#8221;|||&#8221; global_colors_info=&#8221;{}&#8221;][\/et_pb_video][\/et_pb_column][\/et_pb_row][\/et_pb_section][et_pb_section fb_built=&#8221;1&#8243; admin_label=&#8221;Newsletter Section&#8221; _builder_version=&#8221;4.16&#8243; background_color=&#8221;#1e1d1c&#8221; custom_padding=&#8221;120px||120px|&#8221; global_colors_info=&#8221;{}&#8221;][et_pb_row column_structure=&#8221;1_3,1_3,1_3&#8243; admin_label=&#8221;Footer Area&#8221; _builder_version=&#8221;4.21.0&#8243; min_height=&#8221;122px&#8221; custom_margin=&#8221;|auto|48px|auto||&#8221; global_colors_info=&#8221;{}&#8221;][et_pb_column type=&#8221;1_3&#8243; _builder_version=&#8221;4.16&#8243; custom_padding=&#8221;|||&#8221; global_colors_info=&#8221;{}&#8221; custom_padding__hover=&#8221;|||&#8221;][\/et_pb_column][et_pb_column type=&#8221;1_3&#8243; _builder_version=&#8221;4.16&#8243; custom_padding=&#8221;|||&#8221; global_colors_info=&#8221;{}&#8221; custom_padding__hover=&#8221;|||&#8221;][et_pb_social_media_follow _builder_version=&#8221;4.21.0&#8243; text_orientation=&#8221;center&#8221; global_colors_info=&#8221;{}&#8221;][et_pb_social_media_follow_network social_network=&#8221;facebook&#8221; url=&#8221;https:\/\/www.facebook.com\/horia.colibasanu\/&#8221; _builder_version=&#8221;4.16&#8243; background_color=&#8221;#fdb467&#8243; custom_margin=&#8221;|8px||8px&#8221; custom_padding=&#8221;14px|14px|14px|14px&#8221; border_radii=&#8221;on|100px|100px|100px|100px&#8221; global_colors_info=&#8221;{}&#8221; follow_button=&#8221;off&#8221; url_new_window=&#8221;on&#8221;]facebook[\/et_pb_social_media_follow_network][et_pb_social_media_follow_network social_network=&#8221;instagram&#8221; url=&#8221;https:\/\/www.instagram.com\/horiacolibasanu?utm_source=ig_web_button_share_sheet&#038;igsh=ZDNlZDc0MzIxNw==&#8221; _builder_version=&#8221;4.21.0&#8243; _module_preset=&#8221;default&#8221; background_color=&#8221;#fdb467&#8243; custom_margin=&#8221;|8px||8px&#8221; custom_padding=&#8221;14px|14px|14px|14px&#8221; border_radii=&#8221;on|100px|100px|100px|100px&#8221; global_colors_info=&#8221;{}&#8221; follow_button=&#8221;off&#8221; url_new_window=&#8221;on&#8221;]instagram[\/et_pb_social_media_follow_network][\/et_pb_social_media_follow][et_pb_text ul_type=&#8221;none&#8221; admin_label=&#8221;Title&#8221; _builder_version=&#8221;4.21.0&#8243; text_font=&#8221;Poppins||||||||&#8221; text_text_color=&#8221;rgba(255,255,255,0.7)&#8221; text_font_size=&#8221;16px&#8221; text_line_height=&#8221;1.8em&#8221; ul_font=&#8221;Poppins||||||||&#8221; ul_text_align=&#8221;center&#8221; header_font=&#8221;||||||||&#8221; header_2_font=&#8221;Poppins||||||||&#8221; header_2_text_align=&#8221;center&#8221; header_2_font_size=&#8221;24px&#8221; header_2_line_height=&#8221;1.4em&#8221; text_orientation=&#8221;center&#8221; background_layout=&#8221;dark&#8221; custom_margin=&#8221;||15px|&#8221; custom_padding=&#8221;|||&#8221; animation_style=&#8221;fade&#8221; global_colors_info=&#8221;{}&#8221;]<\/p>\n<h2><\/h2>\n<h2>Contact<\/h2>\n<p>Valentin Ionescu, manager<br \/>0040 728 88 55 05<br \/>horia.colibasanu@birouldespeakeri.ro<\/p>\n<p>[\/et_pb_text][\/et_pb_column][et_pb_column type=&#8221;1_3&#8243; _builder_version=&#8221;4.16&#8243; custom_padding=&#8221;|||&#8221; global_colors_info=&#8221;{}&#8221; custom_padding__hover=&#8221;|||&#8221;][\/et_pb_column][\/et_pb_row][\/et_pb_section][et_pb_section fb_built=&#8221;1&#8243; admin_label=&#8221;Divider Section&#8221; _builder_version=&#8221;4.16&#8243; background_color=&#8221;#1e1d1c&#8221; custom_margin=&#8221;||-21px|||&#8221; custom_padding=&#8221;0px||0px|&#8221; global_colors_info=&#8221;{}&#8221;][et_pb_row admin_label=&#8221;Divider Area&#8221; _builder_version=&#8221;4.16&#8243; custom_padding=&#8221;0px||0px|&#8221; global_colors_info=&#8221;{}&#8221;][et_pb_column type=&#8221;4_4&#8243; _builder_version=&#8221;4.16&#8243; custom_padding=&#8221;|||&#8221; global_colors_info=&#8221;{}&#8221; custom_padding__hover=&#8221;|||&#8221;][et_pb_divider color=&#8221;rgba(255,255,255,0.12)&#8221; divider_position=&#8221;center&#8221; _builder_version=&#8221;4.16&#8243; global_colors_info=&#8221;{}&#8221;][\/et_pb_divider][\/et_pb_column][\/et_pb_row][\/et_pb_section]<\/p>\n","protected":false},"excerpt":{"rendered":"<p>Despre HoriaAlpinist pur\u00cen 2004, un t\u00e2n\u0103r de 27 de ani din Timi\u0219oara pleca spre Pakistan. \u021ainta: K2 (8.611m), al doilea cel mai \u00eenalt munte din lume &#8211; dup\u0103 Everest -, supranumit \u0219i Muntele Uciga\u0219. Unul din trei alpini\u0219ti care \u00eencearc\u0103 s\u0103-l urce, moare. Atunci, \u00een 2004, v\u00e2rful K2 nu mai fusese atins de trei ani. [&hellip;]<\/p>\n","protected":false},"author":1,"featured_media":0,"parent":0,"menu_order":0,"comment_status":"open","ping_status":"open","template":"","meta":{"_et_pb_use_builder":"on","_et_pb_old_content":"<em>*Unele federatii din lume considera utilizarea oxigenului imbuteliat o forma de dopaj. Alpinistii care urca muntii pe propriile forte, fizice si psihice, sunt cunoscuti sub denumirea de alpinisti puri. Horia Colibasanu este alpinist pur.<\/em> <em> **potrivit&nbsp; The Economist, care \u00eel citeaza pe Eberhard Jurgalski (informatii valabile pentru martie 2012).<\/em>\n\n[custom_button style=\"btn_small_black\" external=\"no\" href=\"http:\/\/horiacolibasanuhimalaya.ro\/ro\/despre\/cum-a-inceput-povestea-lui-horia\/\"]Citeste mai mult: Cum a inceput povestea lui Horia[\/custom_button]\n\n&nbsp;\n\n[custom_button style=\"btn_small_black\" external=\"no\" href=\"http:\/\/horiacolibasanuhimalaya.ro\/ro\/despre\/recunoastere-internationala\/\"]Citeste mai mult: Recunoastere internationala[\/custom_button]","_et_gb_content_width":"","om_disable_all_campaigns":false,"_monsterinsights_skip_tracking":false,"_monsterinsights_sitenote_active":false,"_monsterinsights_sitenote_note":"","_monsterinsights_sitenote_category":0,"_uf_show_specific_survey":0,"_uf_disable_surveys":false,"footnotes":""},"class_list":["post-13","page","type-page","status-publish","hentry"],"aioseo_notices":[],"_links":{"self":[{"href":"http:\/\/horiacolibasanuhimalaya.ro\/ro\/wp-json\/wp\/v2\/pages\/13","targetHints":{"allow":["GET"]}}],"collection":[{"href":"http:\/\/horiacolibasanuhimalaya.ro\/ro\/wp-json\/wp\/v2\/pages"}],"about":[{"href":"http:\/\/horiacolibasanuhimalaya.ro\/ro\/wp-json\/wp\/v2\/types\/page"}],"author":[{"embeddable":true,"href":"http:\/\/horiacolibasanuhimalaya.ro\/ro\/wp-json\/wp\/v2\/users\/1"}],"replies":[{"embeddable":true,"href":"http:\/\/horiacolibasanuhimalaya.ro\/ro\/wp-json\/wp\/v2\/comments?post=13"}],"version-history":[{"count":41,"href":"http:\/\/horiacolibasanuhimalaya.ro\/ro\/wp-json\/wp\/v2\/pages\/13\/revisions"}],"predecessor-version":[{"id":1989,"href":"http:\/\/horiacolibasanuhimalaya.ro\/ro\/wp-json\/wp\/v2\/pages\/13\/revisions\/1989"}],"wp:attachment":[{"href":"http:\/\/horiacolibasanuhimalaya.ro\/ro\/wp-json\/wp\/v2\/media?parent=13"}],"curies":[{"name":"wp","href":"https:\/\/api.w.org\/{rel}","templated":true}]}}